{"id":8010,"date":"2024-02-04T13:37:50","date_gmt":"2024-02-04T12:37:50","guid":{"rendered":"https:\/\/mybaltichome.com\/?page_id=8010"},"modified":"2024-02-24T20:12:59","modified_gmt":"2024-02-24T19:12:59","slug":"cookie-einstellungen","status":"publish","type":"page","link":"https:\/\/mybaltichome.com\/lv\/cookie-einstellungen\/","title":{"rendered":"Cookie-Einstellungen"},"content":{"rendered":"<div data-elementor-type=\"wp-page\" data-elementor-id=\"8010\" class=\"elementor elementor-8010\" data-elementor-post-type=\"page\">\n\t\t\t\t<div class=\"elementor-element elementor-element-fc42afb e-flex e-con-boxed e-con e-parent\" data-id=\"fc42afb\" data-element_type=\"container\" data-core-v316-plus=\"true\">\n\t\t\t\t\t<div class=\"e-con-inner\">\n\t\t\t\t<div class=\"elementor-element elementor-element-6919e12 elementor-widget elementor-widget-heading\" data-id=\"6919e12\" data-element_type=\"widget\" data-widget_type=\"heading.default\">\n\t\t\t\t<div class=\"elementor-widget-container\">\n\t\t\t<style>\/*! elementor - v3.20.0 - 20-03-2024 *\/\n.elementor-heading-title{padding:0;margin:0;line-height:1}.elementor-widget-heading .elementor-heading-title[class*=elementor-size-]>a{color:inherit;font-size:inherit;line-height:inherit}.elementor-widget-heading .elementor-heading-title.elementor-size-small{font-size:15px}.elementor-widget-heading .elementor-heading-title.elementor-size-medium{font-size:19px}.elementor-widget-heading .elementor-heading-title.elementor-size-large{font-size:29px}.elementor-widget-heading .elementor-heading-title.elementor-size-xl{font-size:39px}.elementor-widget-heading .elementor-heading-title.elementor-size-xxl{font-size:59px}<\/style><h1 class=\"elementor-heading-title elementor-size-default\">S\u012bkdat\u0146u iestat\u012bjumi<\/h1>\t\t<\/div>\n\t\t\t\t<\/div>\n\t\t\t\t<div class=\"elementor-element elementor-element-167f443 elementor-widget elementor-widget-shortcode\" data-id=\"167f443\" data-element_type=\"widget\" data-widget_type=\"shortcode.default\">\n\t\t\t\t<div class=\"elementor-widget-container\">\n\t\t\t\t\t<div class=\"elementor-shortcode\"><script\n\t\ttype=\"text\/javascript\"\n\t\tid=\"CookieDeclaration\"\n\t\tsrc=\"https:\/\/consent.cookiebot.com\/5a76b938-3f0f-4d58-8f7e-688d847fd592\/cd.js\"\n\t\t\t\t\tdata-culture=\"LV\"\n\t\t\t\tasync><\/script>\n<\/div>\n\t\t\t\t<\/div>\n\t\t\t\t<\/div>\n\t\t\t\t\t<\/div>\n\t\t\t\t<\/div>\n\t\t\t\t<\/div>","protected":false},"excerpt":{"rendered":"<p>S\u012bkdat\u0146u iestat\u012bjumi<\/p>","protected":false},"author":2,"featured_media":0,"parent":0,"menu_order":0,"comment_status":"closed","ping_status":"closed","template":"","meta":{"inline_featured_image":false,"pgc_sgb_lightbox_settings":"","_kadence_starter_templates_imported_post":false,"_kad_post_transparent":"disable","_kad_post_title":"hide","_kad_post_layout":"fullwidth","_kad_post_sidebar_id":"","_kad_post_content_style":"unboxed","_kad_post_vertical_padding":"hide","_kad_post_feature":"hide","_kad_post_feature_position":"","_kad_post_header":false,"_kad_post_footer":false,"footnotes":""},"_links":{"self":[{"href":"https:\/\/mybaltichome.com\/lv\/wp-json\/wp\/v2\/pages\/8010"}],"collection":[{"href":"https:\/\/mybaltichome.com\/lv\/wp-json\/wp\/v2\/pages"}],"about":[{"href":"https:\/\/mybaltichome.com\/lv\/wp-json\/wp\/v2\/types\/page"}],"author":[{"embeddable":true,"href":"https:\/\/mybaltichome.com\/lv\/wp-json\/wp\/v2\/users\/2"}],"replies":[{"embeddable":true,"href":"https:\/\/mybaltichome.com\/lv\/wp-json\/wp\/v2\/comments?post=8010"}],"version-history":[{"count":13,"href":"https:\/\/mybaltichome.com\/lv\/wp-json\/wp\/v2\/pages\/8010\/revisions"}],"predecessor-version":[{"id":8279,"href":"https:\/\/mybaltichome.com\/lv\/wp-json\/wp\/v2\/pages\/8010\/revisions\/8279"}],"wp:attachment":[{"href":"https:\/\/mybaltichome.com\/lv\/wp-json\/wp\/v2\/media?parent=8010"}],"curies":[{"name":"wp","href":"https:\/\/api.w.org\/{rel}","templated":true}]}}